{"id":679,"date":"2021-06-16T09:01:26","date_gmt":"2021-06-16T09:01:26","guid":{"rendered":"http:\/\/pflegedienst-lenk.freshmediacompany.de\/?page_id=679"},"modified":"2022-03-22T14:34:43","modified_gmt":"2022-03-22T14:34:43","slug":"karriere","status":"publish","type":"page","link":"https:\/\/kleinerpflegedienst.de\/?page_id=679","title":{"rendered":"Karriere"},"content":{"rendered":"\t\t<div data-elementor-type=\"wp-page\" data-elementor-id=\"679\" class=\"elementor elementor-679\">\n\t\t\t\t\t\t<section class=\"elementor-section elementor-top-section elementor-element elementor-element-ded7f86 elementor-section-height-min-height elementor-section-items-bottom elementor-section-boxed elementor-section-height-default\" data-id=\"ded7f86\" data-element_type=\"section\" data-e-type=\"section\">\n\t\t\t\t\t\t<div class=\"elementor-container elementor-column-gap-default\">\n\t\t\t\t\t<div class=\"elementor-column elementor-col-50 elementor-top-column elementor-element elementor-element-e8cbfc7\" data-id=\"e8cbfc7\" data-element_type=\"column\" data-e-type=\"column\">\n\t\t\t<div class=\"elementor-widget-wrap elementor-element-populated\">\n\t\t\t\t\t\t<div class=\"elementor-element elementor-element-fd88907 elementor-widget elementor-widget-text-editor\" data-id=\"fd88907\" data-element_type=\"widget\" data-e-type=\"widget\" data-widget_type=\"text-editor.default\">\n\t\t\t\t<div class=\"elementor-widget-container\">\n\t\t\t\t\t\t\t\t\t<h1><strong>Wir stellen ein!<\/strong><\/h1><p>Du hast Humor, Teamgeist und Power und m\u00f6chtest in der Pflege so richtig mit anpacken?<br \/>Dann bewirb dich jetzt!<\/p><p>Wir suchen f\u00fcr unser Team ab sofort Pflegehelfer f\u00fcr 20-30 h pro Woche<\/p><p>Dein Profil:<\/p><p>&#8211;\u00a0Pflegehelfer\/in mit Pflegebasiskurs <br \/>&#8211; mehrj\u00e4hrige Berufserfahrung in der Pflege<br \/>&#8211; Auto-F\u00fchrerschein der Klasse B<\/p>\t\t\t\t\t\t\t\t<\/div>\n\t\t\t\t<\/div>\n\t\t\t\t\t<\/div>\n\t\t<\/div>\n\t\t\t\t<div class=\"elementor-column elementor-col-50 elementor-top-column elementor-element elementor-element-54933ef\" data-id=\"54933ef\" data-element_type=\"column\" data-e-type=\"column\">\n\t\t\t<div class=\"elementor-widget-wrap elementor-element-populated\">\n\t\t\t\t\t\t<div class=\"elementor-element elementor-element-86c875a elementor-widget elementor-widget-image\" data-id=\"86c875a\" data-element_type=\"widget\" data-e-type=\"widget\" data-widget_type=\"image.default\">\n\t\t\t\t<div class=\"elementor-widget-container\">\n\t\t\t\t\t\t\t\t\t\t\t\t\t\t\t<img fetchpriority=\"high\" decoding=\"async\" width=\"1024\" height=\"577\" src=\"https:\/\/kleinerpflegedienst.de\/wp-content\/uploads\/2021\/06\/20210614_173022_HDR-1024x577.jpg\" class=\"attachment-large size-large wp-image-249\" alt=\"\" srcset=\"https:\/\/kleinerpflegedienst.de\/wp-content\/uploads\/2021\/06\/20210614_173022_HDR-1024x577.jpg 1024w, https:\/\/kleinerpflegedienst.de\/wp-content\/uploads\/2021\/06\/20210614_173022_HDR-300x169.jpg 300w, https:\/\/kleinerpflegedienst.de\/wp-content\/uploads\/2021\/06\/20210614_173022_HDR-768x433.jpg 768w, https:\/\/kleinerpflegedienst.de\/wp-content\/uploads\/2021\/06\/20210614_173022_HDR-1536x866.jpg 1536w, https:\/\/kleinerpflegedienst.de\/wp-content\/uploads\/2021\/06\/20210614_173022_HDR-2048x1154.jpg 2048w, https:\/\/kleinerpflegedienst.de\/wp-content\/uploads\/2021\/06\/20210614_173022_HDR-800x451.jpg 800w\" sizes=\"(max-width: 1024px) 100vw, 1024px\" \/>\t\t\t\t\t\t\t\t\t\t\t\t\t\t\t<\/div>\n\t\t\t\t<\/div>\n\t\t\t\t\t<\/div>\n\t\t<\/div>\n\t\t\t\t\t<\/div>\n\t\t<\/section>\n\t\t\t\t<section class=\"elementor-section elementor-top-section elementor-element elementor-element-6367aeb elementor-section-boxed elementor-section-height-default elementor-section-height-default\" data-id=\"6367aeb\" data-element_type=\"section\" data-e-type=\"section\">\n\t\t\t\t\t\t<div class=\"elementor-container elementor-column-gap-default\">\n\t\t\t\t\t<div class=\"elementor-column elementor-col-100 elementor-top-column elementor-element elementor-element-4c08d6f\" data-id=\"4c08d6f\" data-element_type=\"column\" data-e-type=\"column\">\n\t\t\t<div class=\"elementor-widget-wrap elementor-element-populated\">\n\t\t\t\t\t\t<div class=\"elementor-element elementor-element-4174c0f elementor-widget elementor-widget-text-editor\" data-id=\"4174c0f\" data-element_type=\"widget\" data-e-type=\"widget\" data-widget_type=\"text-editor.default\">\n\t\t\t\t<div class=\"elementor-widget-container\">\n\t\t\t\t\t\t\t\t\t<p>Deine Aufgaben:<\/p><p>&#8211;\u00a0Anfahrt der Patienten in F\u00fcrstenwalde und Umgebung<br \/>&#8211; das Erbringen von Pflege-Leistungen verschiedener Pflegegrade<br \/>&#8211; Digitale Dokumentation der Pflegeleistungen<\/p><p>Wir bieten:<br \/>&#8211; eine freundliche, offene Arbeitsatmosph\u00e4re mit netten Arbeitskollegen<br \/>&#8211; Sonn- und Feiertagszuschl\u00e4ge, Kindergartenzuschl\u00e4ge, Internetpauschale<br \/>&#8230;und Vieles mehr!<\/p><p>Du bist genau der Richtige\/ die Richtige f\u00fcr den Job? Dann schick uns jetzt deine Bewerbungsunterlagen an <a href=\"mailto:kleinerpflegedienst-lenk@web.de\">kleinerpflegedienst-lenk@web.de<\/a>. Wir vereinbaren dann mit dir einen Termin zum pers\u00f6nlichen Kennenlernen.<br \/>Wenn du noch Fragen hast, kannst du uns zu den B\u00fcrozeiten unter +49 3361 76015-30 erreichen.<br \/>Wir freuen uns auf dich!<\/p>\t\t\t\t\t\t\t\t<\/div>\n\t\t\t\t<\/div>\n\t\t\t\t\t<\/div>\n\t\t<\/div>\n\t\t\t\t\t<\/div>\n\t\t<\/section>\n\t\t\t\t<section class=\"elementor-section elementor-top-section elementor-element elementor-element-a8c81dd elementor-section-boxed elementor-section-height-default elementor-section-height-default\" data-id=\"a8c81dd\" data-element_type=\"section\" data-e-type=\"section\">\n\t\t\t\t\t\t<div class=\"elementor-container elementor-column-gap-default\">\n\t\t\t\t\t<div class=\"elementor-column elementor-col-100 elementor-top-column elementor-element elementor-element-e78f0f3\" data-id=\"e78f0f3\" data-element_type=\"column\" data-e-type=\"column\">\n\t\t\t<div class=\"elementor-widget-wrap elementor-element-populated\">\n\t\t\t\t\t\t<div class=\"elementor-element elementor-element-832dd99 elementor-widget elementor-widget-image\" data-id=\"832dd99\" data-element_type=\"widget\" data-e-type=\"widget\" data-widget_type=\"image.default\">\n\t\t\t\t<div class=\"elementor-widget-container\">\n\t\t\t\t\t\t\t\t\t\t\t\t\t\t\t<img decoding=\"async\" src=\"http:\/\/pflegedienst-lenk.freshmediacompany.de\/wp-content\/uploads\/2021\/06\/full-wip-fade.png\" title=\"\" alt=\"\" loading=\"lazy\" \/>\t\t\t\t\t\t\t\t\t\t\t\t\t\t\t<\/div>\n\t\t\t\t<\/div>\n\t\t\t\t\t<\/div>\n\t\t<\/div>\n\t\t\t\t\t<\/div>\n\t\t<\/section>\n\t\t\t\t<\/div>\n\t\t","protected":false},"excerpt":{"rendered":"<p>Wir stellen ein! Du hast Humor, Teamgeist und Power und m\u00f6chtest in der Pflege so richtig mit anpacken? Dann bewirb dich jetzt! Wir suchen f\u00fcr unser Team ab sofort Pflegehelfer f\u00fcr 20-30 h pro Woche Dein Profil: &#8211;\u00a0Pflegehelfer\/in mit Pflegebasiskurs &#8211; mehrj\u00e4hrige Berufserfahrung in der Pflege &#8211; Auto-F\u00fchrerschein der Klasse B Deine Aufgaben: &#8211;\u00a0Anfahrt der Patienten in F\u00fcrstenwalde und Umgebung<\/p>\n<p><a class=\"more-link\" href=\"https:\/\/kleinerpflegedienst.de\/?page_id=679\">Weiterlesen<\/a><\/p>\n","protected":false},"author":8,"featured_media":0,"parent":0,"menu_order":0,"comment_status":"closed","ping_status":"closed","template":"","meta":{"footnotes":""},"class_list":["post-679","page","type-page","status-publish","hentry"],"_links":{"self":[{"href":"https:\/\/kleinerpflegedienst.de\/index.php?rest_route=\/wp\/v2\/pages\/679","targetHints":{"allow":["GET"]}}],"collection":[{"href":"https:\/\/kleinerpflegedienst.de\/index.php?rest_route=\/wp\/v2\/pages"}],"about":[{"href":"https:\/\/kleinerpflegedienst.de\/index.php?rest_route=\/wp\/v2\/types\/page"}],"author":[{"embeddable":true,"href":"https:\/\/kleinerpflegedienst.de\/index.php?rest_route=\/wp\/v2\/users\/8"}],"replies":[{"embeddable":true,"href":"https:\/\/kleinerpflegedienst.de\/index.php?rest_route=%2Fwp%2Fv2%2Fcomments&post=679"}],"version-history":[{"count":32,"href":"https:\/\/kleinerpflegedienst.de\/index.php?rest_route=\/wp\/v2\/pages\/679\/revisions"}],"predecessor-version":[{"id":796,"href":"https:\/\/kleinerpflegedienst.de\/index.php?rest_route=\/wp\/v2\/pages\/679\/revisions\/796"}],"wp:attachment":[{"href":"https:\/\/kleinerpflegedienst.de\/index.php?rest_route=%2Fwp%2Fv2%2Fmedia&parent=679"}],"curies":[{"name":"wp","href":"https:\/\/api.w.org\/{rel}","templated":true}]}}