{"id":54,"date":"2021-06-14T09:46:58","date_gmt":"2021-06-14T09:46:58","guid":{"rendered":"http:\/\/pflegedienst-lenk.freshmediacompany.de\/?page_id=54"},"modified":"2022-03-22T14:34:43","modified_gmt":"2022-03-22T14:34:43","slug":"pflegeinfos","status":"publish","type":"page","link":"https:\/\/kleinerpflegedienst.de\/?page_id=54","title":{"rendered":"Pflegeinfos"},"content":{"rendered":"\t\t<div data-elementor-type=\"wp-page\" data-elementor-id=\"54\" class=\"elementor elementor-54\">\n\t\t\t\t\t\t<section class=\"elementor-section elementor-top-section elementor-element elementor-element-7054bfc elementor-section-boxed elementor-section-height-default elementor-section-height-default\" data-id=\"7054bfc\" data-element_type=\"section\" data-e-type=\"section\">\n\t\t\t\t\t\t<div class=\"elementor-container elementor-column-gap-default\">\n\t\t\t\t\t<div class=\"elementor-column elementor-col-50 elementor-top-column elementor-element elementor-element-0e21a08\" data-id=\"0e21a08\" data-element_type=\"column\" data-e-type=\"column\">\n\t\t\t<div class=\"elementor-widget-wrap elementor-element-populated\">\n\t\t\t\t\t\t<div class=\"elementor-element elementor-element-729e3ca elementor-widget elementor-widget-text-editor\" data-id=\"729e3ca\" data-element_type=\"widget\" data-e-type=\"widget\" data-widget_type=\"text-editor.default\">\n\t\t\t\t<div class=\"elementor-widget-container\">\n\t\t\t\t\t\t\t\t\t<h1><strong>Pflegeinfos<\/strong><\/h1><h2>\u00a0<\/h2><h2>Aktuelle Infos zu Pflegegeld und Sachleistungen<\/h2><p>Das Pflegegeld kann in Anspruch genommen werden, wenn Angeh\u00f6rige oder Ehrenamtliche die Pflege \u00fcbernehmen. Das Pflegegeld kann auch mit Pflegesachleistungen kombiniert werden.<\/p><p>Informationen zur akutellen H\u00f6he des Pflegegeldes und Auszahlungskonditionen finden sie auf den Seiten des Bundesgesundheitsministeriums. <a href=\"https:\/\/www.bundesgesundheitsministerium.de\/pflegegeld.html\" target=\"_blank\" rel=\"noopener\"><span style=\"text-decoration: underline;\">Pflegegeldinfos<\/span><\/a><\/p><p>Pflegesachleistungen k\u00f6nnen f\u00fcr die Hilfe durch einen ambulanten Pflegedienstes eingesetzt werden. Pflegesachleistungen k\u00f6nnen auch mit dem Pflegegeld kombiniert werden. <span style=\"text-decoration: underline;\"><a href=\"https:\/\/www.bundesgesundheitsministerium.de\/pflegedienst-und-pflegesachleistungen.html\" target=\"_blank\" rel=\"noopener\">Infos zu Pflegesachleistungen<\/a><\/span><\/p><h2>\u00a0<\/h2><h2>Pflegehilfsmittel f\u00fcr die h\u00e4usliche Pflege<\/h2><p>Grunds\u00e4tzlich werden unter dem Begriff Pflegehilfsmittel Ger\u00e4te und Sachmittel verstanden, die zur h\u00e4uslichen Pflege notwendig sind, sie erleichtern und dazu beitragen, dem Pflegebed\u00fcrftigen eine selbstst\u00e4ndige Lebensf\u00fchrung zu erm\u00f6glichen. <span style=\"text-decoration: underline;\"><a href=\"https:\/\/www.bundesgesundheitsministerium.de\/leistungen-der-pflege\/pflegehilfsmittel.html\" target=\"_blank\" rel=\"noopener\">Infos Pflegehilfsmittel<\/a><\/span><\/p>\t\t\t\t\t\t\t\t<\/div>\n\t\t\t\t<\/div>\n\t\t\t\t\t<\/div>\n\t\t<\/div>\n\t\t\t\t<div class=\"elementor-column elementor-col-50 elementor-top-column elementor-element elementor-element-29ee32a\" data-id=\"29ee32a\" data-element_type=\"column\" data-e-type=\"column\">\n\t\t\t<div class=\"elementor-widget-wrap elementor-element-populated\">\n\t\t\t\t\t\t<div class=\"elementor-element elementor-element-bb23a3c elementor-widget elementor-widget-text-editor\" data-id=\"bb23a3c\" data-element_type=\"widget\" data-e-type=\"widget\" data-widget_type=\"text-editor.default\">\n\t\t\t\t<div class=\"elementor-widget-container\">\n\t\t\t\t\t\t\t\t\t<h1>\u00a0<\/h1><h2>\u00a0<\/h2><h2>Tagespflege \/ Nachtpflege in teilstation\u00e4rer Unterbringung<\/h2><p>Unter Tages- und Nachtpflege (teilstation\u00e4re Versorgung) versteht man die zeitweise Betreuung im Tagesverlauf in einer Pflegeeinrichtung.<\/p><p>Ab dem 1. Januar 2015 k\u00f6nnen die Leistungen der Tages- und Nachtpflege neben der ambulanten Pflegesachleistung \/dem Pflegegeld in vollem Umfang in Anspruch genommen werden. <span style=\"text-decoration: underline;\"><a href=\"https:\/\/www.bundesgesundheitsministerium.de\/tagespflege-und-nachtpflege.html\" target=\"_blank\" rel=\"noopener\">Infos Tages- \/ Nachtpflege<\/a><\/span><\/p><h2>\u00a0<\/h2><h2>Kurzzeitpflege<\/h2><p>Viele Pflegebed\u00fcrftige (im Sinne des Rechts der Pflegeversicherung) sind nur f\u00fcr eine begrenzte Zeit auf vollstation\u00e4re Pflege angewiesen, insbesondere zur Bew\u00e4ltigung von Krisensituationen bei der h\u00e4uslichen Pflege oder \u00fcbergangsweise im Anschluss an einen Krankenhausaufenthalt.<\/p><p>F\u00fcr sie gibt es die Kurzzeitpflege in entsprechenden station\u00e4ren Einrichtungen.<\/p>\t\t\t\t\t\t\t\t<\/div>\n\t\t\t\t<\/div>\n\t\t\t\t\t<\/div>\n\t\t<\/div>\n\t\t\t\t\t<\/div>\n\t\t<\/section>\n\t\t\t\t<section class=\"elementor-section elementor-top-section elementor-element elementor-element-8d5c942 elementor-section-boxed elementor-section-height-default elementor-section-height-default\" data-id=\"8d5c942\" data-element_type=\"section\" data-e-type=\"section\">\n\t\t\t\t\t\t<div class=\"elementor-container elementor-column-gap-default\">\n\t\t\t\t\t\t<\/div>\n\t\t<\/section>\n\t\t\t\t<section class=\"elementor-section elementor-top-section elementor-element elementor-element-cf89c66 elementor-section-boxed elementor-section-height-default elementor-section-height-default\" data-id=\"cf89c66\" data-element_type=\"section\" data-e-type=\"section\">\n\t\t\t\t\t\t<div class=\"elementor-container elementor-column-gap-default\">\n\t\t\t\t\t<div class=\"elementor-column elementor-col-100 elementor-top-column elementor-element elementor-element-bab7481\" data-id=\"bab7481\" data-element_type=\"column\" data-e-type=\"column\">\n\t\t\t<div class=\"elementor-widget-wrap elementor-element-populated\">\n\t\t\t\t\t\t<div class=\"elementor-element elementor-element-c4c8cd6 elementor-widget elementor-widget-image\" data-id=\"c4c8cd6\" data-element_type=\"widget\" data-e-type=\"widget\" data-widget_type=\"image.default\">\n\t\t\t\t<div class=\"elementor-widget-container\">\n\t\t\t\t\t\t\t\t\t\t\t\t\t\t\t<img decoding=\"async\" src=\"http:\/\/pflegedienst-lenk.freshmediacompany.de\/wp-content\/uploads\/2021\/06\/full-wip-fade.png\" title=\"\" alt=\"\" loading=\"lazy\" \/>\t\t\t\t\t\t\t\t\t\t\t\t\t\t\t<\/div>\n\t\t\t\t<\/div>\n\t\t\t\t\t<\/div>\n\t\t<\/div>\n\t\t\t\t\t<\/div>\n\t\t<\/section>\n\t\t\t\t<section class=\"elementor-section elementor-top-section elementor-element elementor-element-59ae7a4 elementor-section-boxed elementor-section-height-default elementor-section-height-default\" data-id=\"59ae7a4\" data-element_type=\"section\" data-e-type=\"section\">\n\t\t\t\t\t\t<div class=\"elementor-container elementor-column-gap-default\">\n\t\t\t\t\t<div class=\"elementor-column elementor-col-100 elementor-top-column elementor-element elementor-element-5fef691\" data-id=\"5fef691\" data-element_type=\"column\" data-e-type=\"column\">\n\t\t\t<div class=\"elementor-widget-wrap elementor-element-populated\">\n\t\t\t\t\t\t<div class=\"elementor-element elementor-element-ff9cc5f elementor-widget elementor-widget-html\" data-id=\"ff9cc5f\" data-element_type=\"widget\" data-e-type=\"widget\" data-widget_type=\"html.default\">\n\t\t\t\t<div class=\"elementor-widget-container\">\n\t\t\t\t\t<script>\nif(window.screen.width <= 580) {\n    let headerbild = document.getElementById(\"agama-header-image\");\n    \n    headerbild.style.height = \"0px\";\n}\n<\/script>\t\t\t\t<\/div>\n\t\t\t\t<\/div>\n\t\t\t\t\t<\/div>\n\t\t<\/div>\n\t\t\t\t\t<\/div>\n\t\t<\/section>\n\t\t\t\t<section class=\"elementor-section elementor-top-section elementor-element elementor-element-3896c70 elementor-section-boxed elementor-section-height-default elementor-section-height-default\" data-id=\"3896c70\" data-element_type=\"section\" data-e-type=\"section\">\n\t\t\t\t\t\t<div class=\"elementor-container elementor-column-gap-default\">\n\t\t\t\t\t<div class=\"elementor-column elementor-col-50 elementor-top-column elementor-element elementor-element-1ea11f3\" data-id=\"1ea11f3\" data-element_type=\"column\" data-e-type=\"column\">\n\t\t\t<div class=\"elementor-widget-wrap\">\n\t\t\t\t\t\t\t<\/div>\n\t\t<\/div>\n\t\t\t\t<div class=\"elementor-column elementor-col-50 elementor-top-column elementor-element elementor-element-6308a89\" data-id=\"6308a89\" data-element_type=\"column\" data-e-type=\"column\">\n\t\t\t<div class=\"elementor-widget-wrap\">\n\t\t\t\t\t\t\t<\/div>\n\t\t<\/div>\n\t\t\t\t\t<\/div>\n\t\t<\/section>\n\t\t\t\t<\/div>\n\t\t","protected":false},"excerpt":{"rendered":"<p>Pflegeinfos Aktuelle Infos zu Pflegegeld und Sachleistungen Das Pflegegeld kann in Anspruch genommen werden, wenn Angeh\u00f6rige oder Ehrenamtliche die Pflege \u00fcbernehmen. Das Pflegegeld kann auch mit Pflegesachleistungen kombiniert werden. Informationen zur akutellen H\u00f6he des Pflegegeldes und Auszahlungskonditionen finden sie auf den Seiten des Bundesgesundheitsministeriums. Pflegegeldinfos Pflegesachleistungen k\u00f6nnen f\u00fcr die Hilfe durch einen ambulanten Pflegedienstes eingesetzt werden. Pflegesachleistungen k\u00f6nnen auch mit<\/p>\n<p><a class=\"more-link\" href=\"https:\/\/kleinerpflegedienst.de\/?page_id=54\">Weiterlesen<\/a><\/p>\n","protected":false},"author":8,"featured_media":0,"parent":0,"menu_order":0,"comment_status":"closed","ping_status":"closed","template":"","meta":{"footnotes":""},"class_list":["post-54","page","type-page","status-publish","hentry"],"_links":{"self":[{"href":"https:\/\/kleinerpflegedienst.de\/index.php?rest_route=\/wp\/v2\/pages\/54","targetHints":{"allow":["GET"]}}],"collection":[{"href":"https:\/\/kleinerpflegedienst.de\/index.php?rest_route=\/wp\/v2\/pages"}],"about":[{"href":"https:\/\/kleinerpflegedienst.de\/index.php?rest_route=\/wp\/v2\/types\/page"}],"author":[{"embeddable":true,"href":"https:\/\/kleinerpflegedienst.de\/index.php?rest_route=\/wp\/v2\/users\/8"}],"replies":[{"embeddable":true,"href":"https:\/\/kleinerpflegedienst.de\/index.php?rest_route=%2Fwp%2Fv2%2Fcomments&post=54"}],"version-history":[{"count":31,"href":"https:\/\/kleinerpflegedienst.de\/index.php?rest_route=\/wp\/v2\/pages\/54\/revisions"}],"predecessor-version":[{"id":791,"href":"https:\/\/kleinerpflegedienst.de\/index.php?rest_route=\/wp\/v2\/pages\/54\/revisions\/791"}],"wp:attachment":[{"href":"https:\/\/kleinerpflegedienst.de\/index.php?rest_route=%2Fwp%2Fv2%2Fmedia&parent=54"}],"curies":[{"name":"wp","href":"https:\/\/api.w.org\/{rel}","templated":true}]}}