{"id":11,"date":"2021-06-14T07:34:17","date_gmt":"2021-06-14T07:34:17","guid":{"rendered":"http:\/\/pflegedienst-lenk.freshmediacompany.de\/?page_id=11"},"modified":"2024-05-02T09:52:44","modified_gmt":"2024-05-02T09:52:44","slug":"startseite","status":"publish","type":"page","link":"https:\/\/kleinerpflegedienst.de\/","title":{"rendered":"Startseite"},"content":{"rendered":"\t\t<div data-elementor-type=\"wp-page\" data-elementor-id=\"11\" class=\"elementor elementor-11\">\n\t\t\t\t\t\t<section class=\"elementor-section elementor-top-section elementor-element elementor-element-61a69dd elementor-section-boxed elementor-section-height-default elementor-section-height-default\" data-id=\"61a69dd\" data-element_type=\"section\" data-e-type=\"section\">\n\t\t\t\t\t\t<div class=\"elementor-container elementor-column-gap-default\">\n\t\t\t\t\t<div class=\"elementor-column elementor-col-100 elementor-top-column elementor-element elementor-element-6f0734d\" data-id=\"6f0734d\" data-element_type=\"column\" data-e-type=\"column\">\n\t\t\t<div class=\"elementor-widget-wrap elementor-element-populated\">\n\t\t\t\t\t\t<div class=\"elementor-element elementor-element-5e573f3 elementor-widget elementor-widget-image\" data-id=\"5e573f3\" data-element_type=\"widget\" data-e-type=\"widget\" data-widget_type=\"image.default\">\n\t\t\t\t<div class=\"elementor-widget-container\">\n\t\t\t\t\t\t\t\t\t\t\t\t\t\t\t<img fetchpriority=\"high\" decoding=\"async\" width=\"899\" height=\"278\" src=\"https:\/\/kleinerpflegedienst.de\/wp-content\/uploads\/2021\/06\/header2.png\" class=\"attachment-full size-full wp-image-626\" alt=\"\" srcset=\"https:\/\/kleinerpflegedienst.de\/wp-content\/uploads\/2021\/06\/header2.png 899w, https:\/\/kleinerpflegedienst.de\/wp-content\/uploads\/2021\/06\/header2-300x93.png 300w, https:\/\/kleinerpflegedienst.de\/wp-content\/uploads\/2021\/06\/header2-768x237.png 768w, https:\/\/kleinerpflegedienst.de\/wp-content\/uploads\/2021\/06\/header2-800x247.png 800w\" sizes=\"(max-width: 899px) 100vw, 899px\" \/>\t\t\t\t\t\t\t\t\t\t\t\t\t\t\t<\/div>\n\t\t\t\t<\/div>\n\t\t\t\t\t<\/div>\n\t\t<\/div>\n\t\t\t\t\t<\/div>\n\t\t<\/section>\n\t\t\t\t<section class=\"elementor-section elementor-top-section elementor-element elementor-element-600c305 elementor-section-boxed elementor-section-height-default elementor-section-height-default\" data-id=\"600c305\" data-element_type=\"section\" data-e-type=\"section\">\n\t\t\t\t\t\t<div class=\"elementor-container elementor-column-gap-default\">\n\t\t\t\t\t<div class=\"elementor-column elementor-col-100 elementor-top-column elementor-element elementor-element-df34b7b\" data-id=\"df34b7b\" data-element_type=\"column\" data-e-type=\"column\">\n\t\t\t<div class=\"elementor-widget-wrap elementor-element-populated\">\n\t\t\t\t\t\t<div class=\"elementor-element elementor-element-25aa896 elementor-widget elementor-widget-text-editor\" data-id=\"25aa896\" data-element_type=\"widget\" data-e-type=\"widget\" data-widget_type=\"text-editor.default\">\n\t\t\t\t<div class=\"elementor-widget-container\">\n\t\t\t\t\t\t\t\t\t<p>\u00a0<\/p><h1 style=\"text-align: center;\"><strong>WILLKOMMEN!<\/strong><\/h1><p>Wir sind der kleine Pflegedienst Lenk aus F\u00fcrstenwalde Spree und wir freuen uns darauf Ihnen in der Pflege und Behandlungspflege zur Seite zu stehen!<br \/>F\u00fcr uns steht der pers\u00f6nliche Charakter der Betreuung und Pflege im Vordergrund. Unser Team besteht aus examinierten Fachkr\u00e4ften und Pflegehelfern mit viel Erfahrung in der Pflege.<\/p>\t\t\t\t\t\t\t\t<\/div>\n\t\t\t\t<\/div>\n\t\t\t\t\t<\/div>\n\t\t<\/div>\n\t\t\t\t\t<\/div>\n\t\t<\/section>\n\t\t\t\t<section class=\"elementor-section elementor-top-section elementor-element elementor-element-7d79ca3 elementor-section-boxed elementor-section-height-default elementor-section-height-default\" data-id=\"7d79ca3\" data-element_type=\"section\" data-e-type=\"section\">\n\t\t\t\t\t\t<div class=\"elementor-container elementor-column-gap-default\">\n\t\t\t\t\t<div class=\"elementor-column elementor-col-50 elementor-top-column elementor-element elementor-element-8302720\" data-id=\"8302720\" data-element_type=\"column\" data-e-type=\"column\">\n\t\t\t<div class=\"elementor-widget-wrap elementor-element-populated\">\n\t\t\t\t\t\t<div class=\"elementor-element elementor-element-136d583 elementor-widget elementor-widget-text-editor\" data-id=\"136d583\" data-element_type=\"widget\" data-e-type=\"widget\" data-widget_type=\"text-editor.default\">\n\t\t\t\t<div class=\"elementor-widget-container\">\n\t\t\t\t\t\t\t\t\t<p><strong>Adresse: <br \/><\/strong>Eisenbahnstra\u00dfe 141<br \/>15517 F\u00fcrstenwalde<br \/><strong>E-Mail:<br \/><\/strong><a href=\"mailto:kleinerpflegedienst-lenk@web.de\">kleinerpflegedienst-lenk@web.de<\/a><\/p>\t\t\t\t\t\t\t\t<\/div>\n\t\t\t\t<\/div>\n\t\t\t\t\t<\/div>\n\t\t<\/div>\n\t\t\t\t<div class=\"elementor-column elementor-col-50 elementor-top-column elementor-element elementor-element-8ef16ae\" data-id=\"8ef16ae\" data-element_type=\"column\" data-e-type=\"column\">\n\t\t\t<div class=\"elementor-widget-wrap elementor-element-populated\">\n\t\t\t\t\t\t<div class=\"elementor-element elementor-element-fe9a919 elementor-widget elementor-widget-text-editor\" data-id=\"fe9a919\" data-element_type=\"widget\" data-e-type=\"widget\" data-widget_type=\"text-editor.default\">\n\t\t\t\t<div class=\"elementor-widget-container\">\n\t\t\t\t\t\t\t\t\t<p><strong>Telefon:<\/strong><br \/><a href=\"tel:03361\/7601530\">+49 3361 76015-30<\/a><br \/><strong>Fax:<\/strong><br \/>03361 7601532<br \/><strong>Mobil:<\/strong><br \/><a href=\"tel:0178\/1461736\">+49 178 14617-36<\/a><\/p>\t\t\t\t\t\t\t\t<\/div>\n\t\t\t\t<\/div>\n\t\t\t\t\t<\/div>\n\t\t<\/div>\n\t\t\t\t\t<\/div>\n\t\t<\/section>\n\t\t\t\t<section class=\"elementor-section elementor-top-section elementor-element elementor-element-ce4e8d1 elementor-section-boxed elementor-section-height-default elementor-section-height-default\" data-id=\"ce4e8d1\" data-element_type=\"section\" data-e-type=\"section\">\n\t\t\t\t\t\t<div class=\"elementor-container elementor-column-gap-default\">\n\t\t\t\t\t<div class=\"elementor-column elementor-col-100 elementor-top-column elementor-element elementor-element-6c6b856\" data-id=\"6c6b856\" data-element_type=\"column\" data-e-type=\"column\">\n\t\t\t<div class=\"elementor-widget-wrap elementor-element-populated\">\n\t\t\t\t\t\t<div class=\"elementor-element elementor-element-2e49241 elementor-widget elementor-widget-text-editor\" data-id=\"2e49241\" data-element_type=\"widget\" data-e-type=\"widget\" data-widget_type=\"text-editor.default\">\n\t\t\t\t<div class=\"elementor-widget-container\">\n\t\t\t\t\t\t\t\t\t<p>Wir bem\u00fchen uns darum Sie als Kunden, sowie Ihre Angeh\u00f6rigen immer so gut zu beraten, dass die m\u00f6glichen Leistungen der Kassen optimal auf Ihre Bed\u00fcrfnisse zugeschnitten sind.<\/p><p>Wir m\u00f6chten Sie bestm\u00f6glich in Ihrem Genesungsprozess unterst\u00fctzen. Dazu arbeiten wir mit Krankenkassen, \u00c4rzten, Physiotherapeuten und anderen medizinischen Einrichtungen eng zusammen.<\/p><p>Damit wir immer auf dem neusten Stand sind, bilden wir uns st\u00e4ndig weiter. Das ist f\u00fcr uns selbstverst\u00e4ndlich.<\/p>\t\t\t\t\t\t\t\t<\/div>\n\t\t\t\t<\/div>\n\t\t\t\t\t<\/div>\n\t\t<\/div>\n\t\t\t\t\t<\/div>\n\t\t<\/section>\n\t\t\t\t<section class=\"elementor-section elementor-top-section elementor-element elementor-element-be1d4ad elementor-section-boxed elementor-section-height-default elementor-section-height-default\" data-id=\"be1d4ad\" data-element_type=\"section\" data-e-type=\"section\">\n\t\t\t\t\t\t<div class=\"elementor-container elementor-column-gap-default\">\n\t\t\t\t\t<div class=\"elementor-column elementor-col-100 elementor-top-column elementor-element elementor-element-09c487a\" data-id=\"09c487a\" data-element_type=\"column\" data-e-type=\"column\">\n\t\t\t<div class=\"elementor-widget-wrap elementor-element-populated\">\n\t\t\t\t\t\t<div class=\"elementor-element elementor-element-b52c840 elementor-widget elementor-widget-video\" data-id=\"b52c840\" data-element_type=\"widget\" data-e-type=\"widget\" data-settings=\"{&quot;youtube_url&quot;:&quot;https:\\\/\\\/www.youtube.com\\\/watch?v=r0YHD0U1T_g&quot;,&quot;video_type&quot;:&quot;youtube&quot;,&quot;controls&quot;:&quot;yes&quot;}\" data-widget_type=\"video.default\">\n\t\t\t\t<div class=\"elementor-widget-container\">\n\t\t\t\t\t\t\t<div class=\"elementor-wrapper elementor-open-inline\">\n\t\t\t<div class=\"elementor-video\"><\/div>\t\t<\/div>\n\t\t\t\t\t\t<\/div>\n\t\t\t\t<\/div>\n\t\t\t\t\t<\/div>\n\t\t<\/div>\n\t\t\t\t\t<\/div>\n\t\t<\/section>\n\t\t\t\t<section class=\"elementor-section elementor-top-section elementor-element elementor-element-82614c7 elementor-section-boxed elementor-section-height-default elementor-section-height-default\" data-id=\"82614c7\" data-element_type=\"section\" data-e-type=\"section\">\n\t\t\t\t\t\t<div class=\"elementor-container elementor-column-gap-default\">\n\t\t\t\t\t<div class=\"elementor-column elementor-col-100 elementor-top-column elementor-element elementor-element-d9c88ab\" data-id=\"d9c88ab\" data-element_type=\"column\" data-e-type=\"column\">\n\t\t\t<div class=\"elementor-widget-wrap elementor-element-populated\">\n\t\t\t\t\t\t<div class=\"elementor-element elementor-element-a0dcf5d elementor-widget elementor-widget-text-editor\" data-id=\"a0dcf5d\" data-element_type=\"widget\" data-e-type=\"widget\" data-widget_type=\"text-editor.default\">\n\t\t\t\t<div class=\"elementor-widget-container\">\n\t\t\t\t\t\t\t\t\t<p><b>    <div class=\"exggmap-wrapper is-style-wide\" style=\"aspect-ratio:16 \/ 9\">\r\n      <div class=\"exggmap-mask\" style=\"background-color: #000000; color:#fff\">\r\n        <div class=\"exggmap-mask-content\">\r\n        <p class=\"exggmap-caption\">DSGVO MAP<\/p>\r\n            <button style=\"color: #fff; background-color: #693e91; border-color: #fff\"  id=\"exggmap-btn\">Google Maps anzeigen *<\/button>\r\n        <\/div>\r\n                <span>\r\n           Pr\u00e4sentiert von            <a title=\"Webdesign Agentur\" style=\"color: #fff\" href=\"https:\/\/www.exovia.de\">exovia webdesign<\/a>\r\n        <\/span>\r\n              <\/div>\r\n      <iframe\r\n        data-src=\"https:\/\/www.google.com\/maps\/embed?pb=!1m18!1m12!1m3!1d2436.4507896708815!2d14.061574600000004!3d52.3622456!2m3!1f0!2f0!3f0!3m2!1i1024!2i768!4f13.1!3m3!1m2!1s0x47a827f3d85e3c71%3A0x7f8bb389adb037b!2sDer%20Kleine%20Pflegedienst%20Lenk%20GmbH!5e0!3m2!1sde!2sde!4v1623742903628!5m2!1sde!2sde\"\r\n        frameborder=\"0\"\r\n        allowfullscreen=\"\"\r\n        aria-hidden=\"false\"\r\n        tabindex=\"0\">\r\n      <\/iframe>\r\n    <\/div>\r\n    <p class=\"exampp-hints\">\r\n    * Mit dem Laden der Karte werden Ihre Daten an Google weitergeleitet.      <a\r\n        target=\"_blank\"\r\n        rel=\"noopener noreferrer\"\r\n        href=\"https:\/\/policies.google.com\/privacy?hl=de\">Mehr erfahren<\/a>\r\n    <\/p>\r\n\t<\/b>.<\/p>\t\t\t\t\t\t\t\t<\/div>\n\t\t\t\t<\/div>\n\t\t\t\t\t<\/div>\n\t\t<\/div>\n\t\t\t\t\t<\/div>\n\t\t<\/section>\n\t\t\t\t<section class=\"elementor-section elementor-top-section elementor-element elementor-element-60fa108 elementor-section-boxed elementor-section-height-default elementor-section-height-default\" data-id=\"60fa108\" data-element_type=\"section\" data-e-type=\"section\">\n\t\t\t\t\t\t<div class=\"elementor-container elementor-column-gap-default\">\n\t\t\t\t\t<div class=\"elementor-column elementor-col-100 elementor-top-column elementor-element elementor-element-e74dc0c\" data-id=\"e74dc0c\" data-element_type=\"column\" data-e-type=\"column\">\n\t\t\t<div class=\"elementor-widget-wrap elementor-element-populated\">\n\t\t\t\t\t\t<div class=\"elementor-element elementor-element-c61250d elementor-widget elementor-widget-image\" data-id=\"c61250d\" data-element_type=\"widget\" data-e-type=\"widget\" data-widget_type=\"image.default\">\n\t\t\t\t<div class=\"elementor-widget-container\">\n\t\t\t\t\t\t\t\t\t\t\t\t\t\t\t<img decoding=\"async\" width=\"1024\" height=\"154\" src=\"https:\/\/kleinerpflegedienst.de\/wp-content\/uploads\/2021\/06\/full-wip-fade-1-1024x154.png\" class=\"attachment-large size-large wp-image-193\" alt=\"\" srcset=\"https:\/\/kleinerpflegedienst.de\/wp-content\/uploads\/2021\/06\/full-wip-fade-1-1024x154.png 1024w, https:\/\/kleinerpflegedienst.de\/wp-content\/uploads\/2021\/06\/full-wip-fade-1-300x45.png 300w, https:\/\/kleinerpflegedienst.de\/wp-content\/uploads\/2021\/06\/full-wip-fade-1-768x115.png 768w, https:\/\/kleinerpflegedienst.de\/wp-content\/uploads\/2021\/06\/full-wip-fade-1-800x120.png 800w, https:\/\/kleinerpflegedienst.de\/wp-content\/uploads\/2021\/06\/full-wip-fade-1.png 1100w\" sizes=\"(max-width: 1024px) 100vw, 1024px\" \/>\t\t\t\t\t\t\t\t\t\t\t\t\t\t\t<\/div>\n\t\t\t\t<\/div>\n\t\t\t\t\t<\/div>\n\t\t<\/div>\n\t\t\t\t\t<\/div>\n\t\t<\/section>\n\t\t\t\t<\/div>\n\t\t","protected":false},"excerpt":{"rendered":"<p>\u00a0 WILLKOMMEN! Wir sind der kleine Pflegedienst Lenk aus F\u00fcrstenwalde Spree und wir freuen uns darauf Ihnen in der Pflege und Behandlungspflege zur Seite zu stehen!F\u00fcr uns steht der pers\u00f6nliche Charakter der Betreuung und Pflege im Vordergrund. Unser Team besteht aus examinierten Fachkr\u00e4ften und Pflegehelfern mit viel Erfahrung in der Pflege. Adresse: Eisenbahnstra\u00dfe 14115517 F\u00fcrstenwaldeE-Mail:kleinerpflegedienst-lenk@web.de Telefon:+49 3361 76015-30Fax:03361 7601532Mobil:+49 178<\/p>\n<p><a class=\"more-link\" href=\"https:\/\/kleinerpflegedienst.de\/\">Weiterlesen<\/a><\/p>\n","protected":false},"author":1,"featured_media":0,"parent":0,"menu_order":0,"comment_status":"closed","ping_status":"closed","template":"","meta":{"footnotes":""},"class_list":["post-11","page","type-page","status-publish","hentry"],"_links":{"self":[{"href":"https:\/\/kleinerpflegedienst.de\/index.php?rest_route=\/wp\/v2\/pages\/11","targetHints":{"allow":["GET"]}}],"collection":[{"href":"https:\/\/kleinerpflegedienst.de\/index.php?rest_route=\/wp\/v2\/pages"}],"about":[{"href":"https:\/\/kleinerpflegedienst.de\/index.php?rest_route=\/wp\/v2\/types\/page"}],"author":[{"embeddable":true,"href":"https:\/\/kleinerpflegedienst.de\/index.php?rest_route=\/wp\/v2\/users\/1"}],"replies":[{"embeddable":true,"href":"https:\/\/kleinerpflegedienst.de\/index.php?rest_route=%2Fwp%2Fv2%2Fcomments&post=11"}],"version-history":[{"count":102,"href":"https:\/\/kleinerpflegedienst.de\/index.php?rest_route=\/wp\/v2\/pages\/11\/revisions"}],"predecessor-version":[{"id":817,"href":"https:\/\/kleinerpflegedienst.de\/index.php?rest_route=\/wp\/v2\/pages\/11\/revisions\/817"}],"wp:attachment":[{"href":"https:\/\/kleinerpflegedienst.de\/index.php?rest_route=%2Fwp%2Fv2%2Fmedia&parent=11"}],"curies":[{"name":"wp","href":"https:\/\/api.w.org\/{rel}","templated":true}]}}